{"id":6,"date":"2022-02-09T17:40:48","date_gmt":"2022-02-09T17:40:48","guid":{"rendered":"https:\/\/xn--cllnercompagney-8sb.de\/?page_id=6"},"modified":"2026-01-22T22:41:16","modified_gmt":"2026-01-22T22:41:16","slug":"start","status":"publish","type":"page","link":"https:\/\/xn--cllnercompagney-8sb.de\/","title":{"rendered":"Start"},"content":{"rendered":"\r\n<p style=\"text-align: center;\"><img decoding=\"async\" src=\"https:\/\/xn--cllnercompagney-8sb.de\/wp-content\/uploads\/2023\/03\/IMG_8300-scaled.jpg\" alt=\"\" \/><\/p>\r\n<p>&nbsp;<\/p>\r\n<p>Die Berliner <strong style=\"text-align: justify;\">C\u00f6llner Compagney<\/strong><span style=\"text-align: justify;\"> hat sich den vielf\u00e4ltigen Blasinstrumenten der Renaissance und ihrem enormen Klangfarbenreichtum verschrieben. Von den sanften Gemsh\u00f6rnern \u00fcber die Blockfl\u00f6ten vom kleinen Sopran bis zum 2 Meter langen Subbass bis zu vollt\u00f6nenden Krummh\u00f6rnern und Dudelsack steht ihnen ein weites Klangspektrum zur Verf\u00fcgung. F\u00fcr diese Instrumente, die als Consort eine Familie bilden, sind im 16. Jahrhundert wunderbare Kompositionen entstanden, die zu den Kostbarkeiten der Musikgeschichte geh\u00f6ren.\u00a0<\/span><\/p>\r\n<p>&nbsp;<\/p>\r\n<audio class=\"wp-audio-shortcode\" id=\"audio-6-1\" preload=\"none\" style=\"width: 100%;\" controls=\"controls\"><source type=\"audio\/mpeg\" src=\"https:\/\/xn--cllnercompagney-8sb.de\/wp-content\/uploads\/2026\/01\/Bergamasca-Block.mp3?_=1\" \/><a href=\"https:\/\/xn--cllnercompagney-8sb.de\/wp-content\/uploads\/2026\/01\/Bergamasca-Block.mp3\">https:\/\/xn--cllnercompagney-8sb.de\/wp-content\/uploads\/2026\/01\/Bergamasca-Block.mp3<\/a><\/audio>\r\n<p>Viermal Bergamasca (trad.\/Raparini, Scheidt, Bach, Zanetti\/Improvisation),<br \/>\r\nEinhandfl\u00f6te mit Kastagnetten, Schweizerpfeiff, Blockfl\u00f6tenconsort, Dudelsack, Rankett &#8211; LIVE 1\/2025<\/p>\r\n<audio class=\"wp-audio-shortcode\" id=\"audio-6-2\" preload=\"none\" style=\"width: 100%;\" controls=\"controls\"><source type=\"audio\/mpeg\" src=\"https:\/\/xn--cllnercompagney-8sb.de\/wp-content\/uploads\/2024\/01\/Allemande-Tant-que-vivrai-Paul-und-Bartholomaeus-Hessen.mp3?_=2\" \/><a href=\"https:\/\/xn--cllnercompagney-8sb.de\/wp-content\/uploads\/2024\/01\/Allemande-Tant-que-vivrai-Paul-und-Bartholomaeus-Hessen.mp3\">https:\/\/xn--cllnercompagney-8sb.de\/wp-content\/uploads\/2024\/01\/Allemande-Tant-que-vivrai-Paul-und-Bartholomaeus-Hessen.mp3<\/a><\/audio>\r\n<p>Tant que vivrais, Krummh\u00f6rner<\/p>\r\n<audio class=\"wp-audio-shortcode\" id=\"audio-6-3\" preload=\"none\" style=\"width: 100%;\" controls=\"controls\"><source type=\"audio\/mpeg\" src=\"https:\/\/xn--cllnercompagney-8sb.de\/wp-content\/uploads\/2024\/01\/Dimme-amore-Giovanni-Lorenzo-Baldano.mp3?_=3\" \/><a href=\"https:\/\/xn--cllnercompagney-8sb.de\/wp-content\/uploads\/2024\/01\/Dimme-amore-Giovanni-Lorenzo-Baldano.mp3\">https:\/\/xn--cllnercompagney-8sb.de\/wp-content\/uploads\/2024\/01\/Dimme-amore-Giovanni-Lorenzo-Baldano.mp3<\/a><\/audio>\r\n<p>Dimme amore, Sordinella, Fl\u00f6ten und Gesang<\/p>\r\n<audio class=\"wp-audio-shortcode\" id=\"audio-6-4\" preload=\"none\" style=\"width: 100%;\" controls=\"controls\"><source type=\"audio\/mpeg\" src=\"https:\/\/xn--cllnercompagney-8sb.de\/wp-content\/uploads\/2024\/01\/Bransle-de-la-Torche-Michael-Praetorius.mp3?_=4\" \/><a href=\"https:\/\/xn--cllnercompagney-8sb.de\/wp-content\/uploads\/2024\/01\/Bransle-de-la-Torche-Michael-Praetorius.mp3\">https:\/\/xn--cllnercompagney-8sb.de\/wp-content\/uploads\/2024\/01\/Bransle-de-la-Torche-Michael-Praetorius.mp3<\/a><\/audio>\r\n<p>Bransle de la Torche, Krummh\u00f6rner<\/p>\r\n<audio class=\"wp-audio-shortcode\" id=\"audio-6-5\" preload=\"none\" style=\"width: 100%;\" controls=\"controls\"><source type=\"audio\/mpeg\" src=\"https:\/\/xn--cllnercompagney-8sb.de\/wp-content\/uploads\/2024\/01\/Fairy-Round-Anthony-Holborne.mp3?_=5\" \/><a href=\"https:\/\/xn--cllnercompagney-8sb.de\/wp-content\/uploads\/2024\/01\/Fairy-Round-Anthony-Holborne.mp3\">https:\/\/xn--cllnercompagney-8sb.de\/wp-content\/uploads\/2024\/01\/Fairy-Round-Anthony-Holborne.mp3<\/a><\/audio>\r\n<p>Fairy Round, Holborne, Blockfl\u00f6ten<\/p>\r\n<audio class=\"wp-audio-shortcode\" id=\"audio-6-6\" preload=\"none\" style=\"width: 100%;\" controls=\"controls\"><source type=\"audio\/mpeg\" src=\"https:\/\/xn--cllnercompagney-8sb.de\/wp-content\/uploads\/2024\/01\/Balletto-Anonym.mp3?_=6\" \/><a href=\"https:\/\/xn--cllnercompagney-8sb.de\/wp-content\/uploads\/2024\/01\/Balletto-Anonym.mp3\">https:\/\/xn--cllnercompagney-8sb.de\/wp-content\/uploads\/2024\/01\/Balletto-Anonym.mp3<\/a><\/audio>\r\n<p><span style=\"text-align: justify;\">Baletto (anonym), Fl\u00f6ten und Gemsh\u00f6rner<\/span><\/p>\r\n<p><img loading=\"lazy\" decoding=\"async\" class=\"alignnone  wp-image-65\" src=\"https:\/\/xn--cllnercompagney-8sb.de\/wp-content\/uploads\/2022\/05\/Youtube-Button-300x150.png\" alt=\"Youtube-Button\" width=\"88\" height=\"48\" \/><br \/>\r\nKonzertmittschnitt November 2021 in der Petruskirche Lichterfelde<\/p>\r\n<p><a href=\"https:\/\/youtu.be\/ZPBZPUzAD9c\">Daphne<\/a> \u00a0 \u00a0 \u00a0 \u00a0 \u00a0 \u00a0 \u00a0 \u00a0 \u00a0 \u00a0<\/p>\r\n<p><a href=\"https:\/\/youtu.be\/IVzORB5DqGw\" target=\"_blank\" rel=\"noreferrer noopener\">Pavan Lacrhymae antiquae<\/a><\/p>\r\n\r\n\r\n\r\n<p>&nbsp;<\/p>\r\n","protected":false},"excerpt":{"rendered":"<p>&nbsp; Die Berliner C\u00f6llner Compagney hat sich den vielf\u00e4ltigen Blasinstrumenten der Renaissance und ihrem enormen Klangfarbenreichtum verschrieben. Von den sanften Gemsh\u00f6rnern \u00fcber die Blockfl\u00f6ten vom kleinen Sopran bis zum 2 Meter langen Subbass bis zu vollt\u00f6nenden Krummh\u00f6rnern und Dudelsack steht &hellip; <a href=\"https:\/\/xn--cllnercompagney-8sb.de\/\">Weiterlesen <span class=\"meta-nav\">&rarr;<\/span><\/a><\/p>\n","protected":false},"author":1,"featured_media":0,"parent":0,"menu_order":0,"comment_status":"closed","ping_status":"closed","template":"","meta":{"footnotes":""},"class_list":["post-6","page","type-page","status-publish","hentry"],"_links":{"self":[{"href":"https:\/\/xn--cllnercompagney-8sb.de\/index.php?rest_route=\/wp\/v2\/pages\/6","targetHints":{"allow":["GET"]}}],"collection":[{"href":"https:\/\/xn--cllnercompagney-8sb.de\/index.php?rest_route=\/wp\/v2\/pages"}],"about":[{"href":"https:\/\/xn--cllnercompagney-8sb.de\/index.php?rest_route=\/wp\/v2\/types\/page"}],"author":[{"embeddable":true,"href":"https:\/\/xn--cllnercompagney-8sb.de\/index.php?rest_route=\/wp\/v2\/users\/1"}],"replies":[{"embeddable":true,"href":"https:\/\/xn--cllnercompagney-8sb.de\/index.php?rest_route=%2Fwp%2Fv2%2Fcomments&post=6"}],"version-history":[{"count":125,"href":"https:\/\/xn--cllnercompagney-8sb.de\/index.php?rest_route=\/wp\/v2\/pages\/6\/revisions"}],"predecessor-version":[{"id":375,"href":"https:\/\/xn--cllnercompagney-8sb.de\/index.php?rest_route=\/wp\/v2\/pages\/6\/revisions\/375"}],"wp:attachment":[{"href":"https:\/\/xn--cllnercompagney-8sb.de\/index.php?rest_route=%2Fwp%2Fv2%2Fmedia&parent=6"}],"curies":[{"name":"wp","href":"https:\/\/api.w.org\/{rel}","templated":true}]}}