{"id":114,"date":"2022-05-23T22:05:18","date_gmt":"2022-05-23T22:05:18","guid":{"rendered":"https:\/\/xn--cllnercompagney-8sb.de\/?page_id=114"},"modified":"2024-02-07T21:18:34","modified_gmt":"2024-02-07T21:18:34","slug":"impressum","status":"publish","type":"page","link":"https:\/\/xn--cllnercompagney-8sb.de\/?page_id=114","title":{"rendered":"Impressum"},"content":{"rendered":"<p><strong>Inhaltlich verantwortlich gem. \u00a7 6 Abs.1 MDStV \/ \u00a9 Text Musik und Bilder:<\/strong><\/p>\n<p>Leila Schoeneich<br \/>\nOstpreu\u00dfendamm 66g<br \/>\n12207 Berlin<\/p>\n<p><strong>Bilder \u00a9 Tim Litwinschuh<br \/>\nTonaufnahmen: Christian Hagitte<\/strong><\/p>\n<p><strong>Haftungshinweis<\/strong><\/p>\n<p>Trotz sorgf\u00e4ltiger inhaltlicher Kontrolle \u00fcbernehme ich keine Haftung f\u00fcr die Inhalte externer Links.<br \/>\nF\u00fcr den Inhalt der verlinkten Seiten sind ausschlie\u00dflich deren Betreiber verantwortlich.<\/p>\n<p><strong>Webdesign<\/strong><\/p>\n<p>Gabriela Berg<\/p>\n","protected":false},"excerpt":{"rendered":"<p>Inhaltlich verantwortlich gem. \u00a7 6 Abs.1 MDStV \/ \u00a9 Text Musik und Bilder: Leila Schoeneich Ostpreu\u00dfendamm 66g 12207 Berlin Bilder \u00a9 Tim Litwinschuh Tonaufnahmen: Christian Hagitte Haftungshinweis Trotz sorgf\u00e4ltiger inhaltlicher Kontrolle \u00fcbernehme ich keine Haftung f\u00fcr die Inhalte externer Links. &hellip; <a href=\"https:\/\/xn--cllnercompagney-8sb.de\/?page_id=114\">Weiterlesen <span class=\"meta-nav\">&rarr;<\/span><\/a><\/p>\n","protected":false},"author":1,"featured_media":0,"parent":0,"menu_order":0,"comment_status":"closed","ping_status":"closed","template":"","meta":{"footnotes":""},"class_list":["post-114","page","type-page","status-publish","hentry"],"_links":{"self":[{"href":"https:\/\/xn--cllnercompagney-8sb.de\/index.php?rest_route=\/wp\/v2\/pages\/114","targetHints":{"allow":["GET"]}}],"collection":[{"href":"https:\/\/xn--cllnercompagney-8sb.de\/index.php?rest_route=\/wp\/v2\/pages"}],"about":[{"href":"https:\/\/xn--cllnercompagney-8sb.de\/index.php?rest_route=\/wp\/v2\/types\/page"}],"author":[{"embeddable":true,"href":"https:\/\/xn--cllnercompagney-8sb.de\/index.php?rest_route=\/wp\/v2\/users\/1"}],"replies":[{"embeddable":true,"href":"https:\/\/xn--cllnercompagney-8sb.de\/index.php?rest_route=%2Fwp%2Fv2%2Fcomments&post=114"}],"version-history":[{"count":2,"href":"https:\/\/xn--cllnercompagney-8sb.de\/index.php?rest_route=\/wp\/v2\/pages\/114\/revisions"}],"predecessor-version":[{"id":255,"href":"https:\/\/xn--cllnercompagney-8sb.de\/index.php?rest_route=\/wp\/v2\/pages\/114\/revisions\/255"}],"wp:attachment":[{"href":"https:\/\/xn--cllnercompagney-8sb.de\/index.php?rest_route=%2Fwp%2Fv2%2Fmedia&parent=114"}],"curies":[{"name":"wp","href":"https:\/\/api.w.org\/{rel}","templated":true}]}}